{"id":392,"date":"2022-09-03T19:31:07","date_gmt":"2022-09-03T15:01:07","guid":{"rendered":"https:\/\/www.medicofoam.com\/home\/"},"modified":"2024-07-31T16:48:00","modified_gmt":"2024-07-31T13:18:00","slug":"home","status":"publish","type":"page","link":"https:\/\/www.medicofoam.com\/en\/","title":{"rendered":"Home"},"content":{"rendered":"\t\t<div data-elementor-type=\"wp-page\" data-elementor-id=\"392\" class=\"elementor elementor-392 elementor-33\" data-elementor-post-type=\"page\">\n\t\t\t\t\t\t<section class=\"elementor-section elementor-top-section elementor-element elementor-element-e84f727 elementor-section-full_width elementor-section-height-default elementor-section-height-default\" data-id=\"e84f727\" data-element_type=\"section\" data-settings=\"{&quot;jet_parallax_layout_list&quot;:[],&quot;background_background&quot;:&quot;classic&quot;}\">\n\t\t\t\t\t\t<div class=\"elementor-container elementor-column-gap-no\">\n\t\t\t\t\t<div class=\"elementor-column elementor-col-100 elementor-top-column elementor-element elementor-element-961ea63\" data-id=\"961ea63\" data-element_type=\"column\">\n\t\t\t<div class=\"elementor-widget-wrap elementor-element-populated\">\n\t\t\t\t\t\t<div class=\"elementor-element elementor-element-d13bef5 elementor-tablet-align-center elementor-mobile-align-center elementor-align-center elementor-widget elementor-widget-lottie\" data-id=\"d13bef5\" data-element_type=\"widget\" data-settings=\"{&quot;source_json&quot;:{&quot;url&quot;:&quot;https:\\\/\\\/www.medicofoam.com\\\/wp-content\\\/uploads\\\/2022\\\/10\\\/liveyourdream2.json&quot;,&quot;id&quot;:527,&quot;size&quot;:&quot;&quot;,&quot;alt&quot;:&quot;&quot;,&quot;source&quot;:&quot;library&quot;},&quot;loop&quot;:&quot;yes&quot;,&quot;source&quot;:&quot;media_file&quot;,&quot;caption_source&quot;:&quot;none&quot;,&quot;link_to&quot;:&quot;none&quot;,&quot;trigger&quot;:&quot;arriving_to_viewport&quot;,&quot;viewport&quot;:{&quot;unit&quot;:&quot;%&quot;,&quot;size&quot;:&quot;&quot;,&quot;sizes&quot;:{&quot;start&quot;:0,&quot;end&quot;:100}},&quot;play_speed&quot;:{&quot;unit&quot;:&quot;px&quot;,&quot;size&quot;:1,&quot;sizes&quot;:[]},&quot;start_point&quot;:{&quot;unit&quot;:&quot;%&quot;,&quot;size&quot;:0,&quot;sizes&quot;:[]},&quot;end_point&quot;:{&quot;unit&quot;:&quot;%&quot;,&quot;size&quot;:100,&quot;sizes&quot;:[]},&quot;renderer&quot;:&quot;svg&quot;}\" data-widget_type=\"lottie.default\">\n\t\t\t\t<div class=\"elementor-widget-container\">\n\t\t\t<style>\/*! elementor-pro - v3.23.0 - 15-07-2024 *\/\n.e-lottie__container{display:inline-block;max-width:var(--lottie-container-max-width);width:var(--lottie-container-width);opacity:var(--lottie-container-opacity)}.e-lottie__container:hover{opacity:var(--lottie-container-opacity-hover);transition-duration:var(--lottie-container-transition-duration-hover)}.e-lottie__container svg,.e-lottie__container svg *{transition:none!important}.e-lottie__caption{color:var(--caption-color);margin-top:var(--caption-margin-top);text-align:var(--caption-text-align)}<\/style><div class=\"e-lottie__container\"><div class=\"e-lottie__animation\"><\/div><\/div>\t\t<\/div>\n\t\t\t\t<\/div>\n\t\t\t\t\t<\/div>\n\t\t<\/div>\n\t\t\t\t\t<\/div>\n\t\t<\/section>\n\t\t\t\t<section class=\"elementor-section elementor-top-section elementor-element elementor-element-f493e26 elementor-section-boxed elementor-section-height-default elementor-section-height-default\" data-id=\"f493e26\" data-element_type=\"section\" data-settings=\"{&quot;jet_parallax_layout_list&quot;:[]}\">\n\t\t\t\t\t\t<div class=\"elementor-container elementor-column-gap-default\">\n\t\t\t\t\t<div class=\"elementor-column elementor-col-100 elementor-top-column elementor-element elementor-element-bbb0deb\" data-id=\"bbb0deb\" data-element_type=\"column\" data-settings=\"{&quot;background_background&quot;:&quot;classic&quot;}\">\n\t\t\t<div class=\"elementor-widget-wrap elementor-element-populated\">\n\t\t\t\t\t\t<div class=\"elementor-element elementor-element-db82792 elementor-widget elementor-widget-heading\" data-id=\"db82792\" data-element_type=\"widget\" data-widget_type=\"heading.default\">\n\t\t\t\t<div class=\"elementor-widget-container\">\n\t\t\t<style>\/*! elementor - v3.22.0 - 26-06-2024 *\/\n.elementor-heading-title{padding:0;margin:0;line-height:1}.elementor-widget-heading .elementor-heading-title[class*=elementor-size-]>a{color:inherit;font-size:inherit;line-height:inherit}.elementor-widget-heading .elementor-heading-title.elementor-size-small{font-size:15px}.elementor-widget-heading .elementor-heading-title.elementor-size-medium{font-size:19px}.elementor-widget-heading .elementor-heading-title.elementor-size-large{font-size:29px}.elementor-widget-heading .elementor-heading-title.elementor-size-xl{font-size:39px}.elementor-widget-heading .elementor-heading-title.elementor-size-xxl{font-size:59px}<\/style><h2 class=\"elementor-heading-title elementor-size-default\">Medico Foam Company Introduction<\/h2>\t\t<\/div>\n\t\t\t\t<\/div>\n\t\t\t\t<div class=\"elementor-element elementor-element-1d5088f elementor-widget elementor-widget-text-editor\" data-id=\"1d5088f\" data-element_type=\"widget\" data-widget_type=\"text-editor.default\">\n\t\t\t\t<div class=\"elementor-widget-container\">\n\t\t\t<style>\/*! elementor - v3.22.0 - 26-06-2024 *\/\n.elementor-widget-text-editor.elementor-drop-cap-view-stacked .elementor-drop-cap{background-color:#69727d;color:#fff}.elementor-widget-text-editor.elementor-drop-cap-view-framed .elementor-drop-cap{color:#69727d;border:3px solid;background-color:transparent}.elementor-widget-text-editor:not(.elementor-drop-cap-view-default) .elementor-drop-cap{margin-top:8px}.elementor-widget-text-editor:not(.elementor-drop-cap-view-default) .elementor-drop-cap-letter{width:1em;height:1em}.elementor-widget-text-editor .elementor-drop-cap{float:left;text-align:center;line-height:1;font-size:50px}.elementor-widget-text-editor .elementor-drop-cap-letter{display:inline-block}<\/style>\t\t\t\tMedico Foam is a Canadian-based company that manufactures memory foam (using Turkish and Spanish raw materials) and sleep products. The company specializes in the production and distribution of high-quality memory foam and related sleep products.\t\t\t\t\t\t<\/div>\n\t\t\t\t<\/div>\n\t\t\t\t<div class=\"elementor-element elementor-element-cb9e94e elementor-align-center elementor-mobile-align-center elementor-widget elementor-widget-button\" data-id=\"cb9e94e\" data-element_type=\"widget\" data-widget_type=\"button.default\">\n\t\t\t\t<div class=\"elementor-widget-container\">\n\t\t\t\t\t<div class=\"elementor-button-wrapper\">\n\t\t\t<a class=\"elementor-button elementor-button-link elementor-size-sm\" href=\"https:\/\/www.medicofoam.com\/%d8%af%d8%b1%d8%a8%d8%a7%d8%b1%d9%87-%d9%85%d8%a7\/\">\n\t\t\t\t\t\t<span class=\"elementor-button-content-wrapper\">\n\t\t\t\t\t\t\t\t\t<span class=\"elementor-button-text\">Read More...<\/span>\n\t\t\t\t\t<\/span>\n\t\t\t\t\t<\/a>\n\t\t<\/div>\n\t\t\t\t<\/div>\n\t\t\t\t<\/div>\n\t\t\t\t\t<\/div>\n\t\t<\/div>\n\t\t\t\t\t<\/div>\n\t\t<\/section>\n\t\t\t\t<section class=\"elementor-section elementor-top-section elementor-element elementor-element-4680f2f elementor-section-boxed elementor-section-height-default elementor-section-height-default\" data-id=\"4680f2f\" data-element_type=\"section\" data-settings=\"{&quot;jet_parallax_layout_list&quot;:[]}\">\n\t\t\t\t\t\t<div class=\"elementor-container elementor-column-gap-default\">\n\t\t\t\t\t<div class=\"elementor-column elementor-col-50 elementor-top-column elementor-element elementor-element-69cfa41\" data-id=\"69cfa41\" data-element_type=\"column\">\n\t\t\t<div class=\"elementor-widget-wrap elementor-element-populated\">\n\t\t\t\t\t\t<div class=\"elementor-element elementor-element-d5a6e1f animated-slow elementor-position-top elementor-invisible elementor-widget elementor-widget-image-box\" data-id=\"d5a6e1f\" data-element_type=\"widget\" data-settings=\"{&quot;_animation&quot;:&quot;fadeIn&quot;,&quot;_animation_delay&quot;:500}\" data-widget_type=\"image-box.default\">\n\t\t\t\t<div class=\"elementor-widget-container\">\n\t\t\t<style>\/*! elementor - v3.22.0 - 26-06-2024 *\/\n.elementor-widget-image-box .elementor-image-box-content{width:100%}@media (min-width:768px){.elementor-widget-image-box.elementor-position-left .elementor-image-box-wrapper,.elementor-widget-image-box.elementor-position-right .elementor-image-box-wrapper{display:flex}.elementor-widget-image-box.elementor-position-right .elementor-image-box-wrapper{text-align:end;flex-direction:row-reverse}.elementor-widget-image-box.elementor-position-left .elementor-image-box-wrapper{text-align:start;flex-direction:row}.elementor-widget-image-box.elementor-position-top .elementor-image-box-img{margin:auto}.elementor-widget-image-box.elementor-vertical-align-top .elementor-image-box-wrapper{align-items:flex-start}.elementor-widget-image-box.elementor-vertical-align-middle .elementor-image-box-wrapper{align-items:center}.elementor-widget-image-box.elementor-vertical-align-bottom .elementor-image-box-wrapper{align-items:flex-end}}@media (max-width:767px){.elementor-widget-image-box .elementor-image-box-img{margin-left:auto!important;margin-right:auto!important;margin-bottom:15px}}.elementor-widget-image-box .elementor-image-box-img{display:inline-block}.elementor-widget-image-box .elementor-image-box-title a{color:inherit}.elementor-widget-image-box .elementor-image-box-wrapper{text-align:center}.elementor-widget-image-box .elementor-image-box-description{margin:0}<\/style><div class=\"elementor-image-box-wrapper\"><figure class=\"elementor-image-box-img\"><a href=\"https:\/\/www.medicofoam.com\/en\/category\/medico-en\/\" tabindex=\"-1\"><img fetchpriority=\"high\" decoding=\"async\" width=\"1000\" height=\"750\" src=\"https:\/\/www.medicofoam.com\/wp-content\/uploads\/2022\/10\/medico-logo.jpg\" class=\"elementor-animation-shrink attachment-full size-full wp-image-487\" alt=\"\" srcset=\"https:\/\/www.medicofoam.com\/wp-content\/uploads\/2022\/10\/medico-logo.jpg 1000w, https:\/\/www.medicofoam.com\/wp-content\/uploads\/2022\/10\/medico-logo-300x225.jpg 300w, https:\/\/www.medicofoam.com\/wp-content\/uploads\/2022\/10\/medico-logo-768x576.jpg 768w\" sizes=\"(max-width: 1000px) 100vw, 1000px\" \/><\/a><\/figure><div class=\"elementor-image-box-content\"><h3 class=\"elementor-image-box-title\"><a href=\"https:\/\/www.medicofoam.com\/en\/category\/medico-en\/\">Medico Sleeping Products\u200b<\/a><\/h3><p class=\"elementor-image-box-description\">Medico company has been operating in the field of polyurethane foams for more than a decade, which is used in various industries such as furniture, bedding, automobiles, etc.<\/p><\/div><\/div>\t\t<\/div>\n\t\t\t\t<\/div>\n\t\t\t\t\t<\/div>\n\t\t<\/div>\n\t\t\t\t<div class=\"elementor-column elementor-col-50 elementor-top-column elementor-element elementor-element-696a29a\" data-id=\"696a29a\" data-element_type=\"column\">\n\t\t\t<div class=\"elementor-widget-wrap elementor-element-populated\">\n\t\t\t\t\t\t<div class=\"elementor-element elementor-element-39e7c90 animated-slow elementor-position-top elementor-invisible elementor-widget elementor-widget-image-box\" data-id=\"39e7c90\" data-element_type=\"widget\" data-settings=\"{&quot;_animation&quot;:&quot;fadeIn&quot;,&quot;_animation_delay&quot;:1500}\" data-widget_type=\"image-box.default\">\n\t\t\t\t<div class=\"elementor-widget-container\">\n\t\t\t<div class=\"elementor-image-box-wrapper\"><figure class=\"elementor-image-box-img\"><a href=\"https:\/\/www.medicofoam.com\/en\/category\/lucin-en\/\" tabindex=\"-1\"><img decoding=\"async\" width=\"1000\" height=\"750\" src=\"https:\/\/www.medicofoam.com\/wp-content\/uploads\/2022\/10\/lucin-logo.jpg\" class=\"elementor-animation-shrink attachment-full size-full wp-image-485\" alt=\"\" srcset=\"https:\/\/www.medicofoam.com\/wp-content\/uploads\/2022\/10\/lucin-logo.jpg 1000w, https:\/\/www.medicofoam.com\/wp-content\/uploads\/2022\/10\/lucin-logo-300x225.jpg 300w, https:\/\/www.medicofoam.com\/wp-content\/uploads\/2022\/10\/lucin-logo-768x576.jpg 768w\" sizes=\"(max-width: 1000px) 100vw, 1000px\" \/><\/a><\/figure><div class=\"elementor-image-box-content\"><h3 class=\"elementor-image-box-title\"><a href=\"https:\/\/www.medicofoam.com\/en\/category\/lucin-en\/\">Lucin Sleeping Products\u200b<\/a><\/h3><p class=\"elementor-image-box-description\">Lucin brand is Medico Foam Company\u2019s subset. This brand was launched according to high demand in the market and customers\u2019 requests were reached to produce their goods in 2019 with a focus on products related to the bedding and medical equipment industry.<\/p><\/div><\/div>\t\t<\/div>\n\t\t\t\t<\/div>\n\t\t\t\t\t<\/div>\n\t\t<\/div>\n\t\t\t\t\t<\/div>\n\t\t<\/section>\n\t\t\t\t<section class=\"elementor-section elementor-top-section elementor-element elementor-element-6cc9989 elementor-section-boxed elementor-section-height-default elementor-section-height-default\" data-id=\"6cc9989\" data-element_type=\"section\" data-settings=\"{&quot;jet_parallax_layout_list&quot;:[]}\">\n\t\t\t\t\t\t<div class=\"elementor-container elementor-column-gap-default\">\n\t\t\t\t\t<div class=\"elementor-column elementor-col-50 elementor-top-column elementor-element elementor-element-4778ca6\" data-id=\"4778ca6\" data-element_type=\"column\">\n\t\t\t<div class=\"elementor-widget-wrap elementor-element-populated\">\n\t\t\t\t\t\t<div class=\"elementor-element elementor-element-6b493a8 animated-slow elementor-position-top elementor-invisible elementor-widget elementor-widget-image-box\" data-id=\"6b493a8\" data-element_type=\"widget\" data-settings=\"{&quot;_animation&quot;:&quot;fadeIn&quot;,&quot;_animation_delay&quot;:500}\" data-widget_type=\"image-box.default\">\n\t\t\t\t<div class=\"elementor-widget-container\">\n\t\t\t<div class=\"elementor-image-box-wrapper\"><figure class=\"elementor-image-box-img\"><a href=\"https:\/\/www.medicofoam.com\/en\/category\/ulgen-en\/\" tabindex=\"-1\"><img decoding=\"async\" width=\"1000\" height=\"750\" src=\"https:\/\/www.medicofoam.com\/wp-content\/uploads\/2022\/10\/ulgen-logo.jpg\" class=\"elementor-animation-shrink attachment-full size-full wp-image-489\" alt=\"\" srcset=\"https:\/\/www.medicofoam.com\/wp-content\/uploads\/2022\/10\/ulgen-logo.jpg 1000w, https:\/\/www.medicofoam.com\/wp-content\/uploads\/2022\/10\/ulgen-logo-300x225.jpg 300w, https:\/\/www.medicofoam.com\/wp-content\/uploads\/2022\/10\/ulgen-logo-768x576.jpg 768w\" sizes=\"(max-width: 1000px) 100vw, 1000px\" \/><\/a><\/figure><div class=\"elementor-image-box-content\"><h3 class=\"elementor-image-box-title\"><a href=\"https:\/\/www.medicofoam.com\/en\/category\/ulgen-en\/\">\u00dclgen Uyku \u00dcr\u00fcnleri<\/a><\/h3><p class=\"elementor-image-box-description\">\u00dclgen \u015firketi on y\u0131l\u0131 a\u015fk\u0131n bir s\u00fcredir mobilya, uyku \u00fcr\u00fcnleri, otomobil vb. \u00e7e\u015fitli sekt\u00f6rlerde kullan\u0131lan poli\u00fcretan k\u00f6p\u00fckler alan\u0131nda faaliyet g\u00f6stermektedir. Bellek k\u00f6p\u00fc\u011f\u00fc, uyku malzemeleri, t\u0131bbi malzemeler, spor malzemeleri ve havac\u0131l\u0131kta yayg\u0131n olarak kullan\u0131lan \u015firketin \u00fcretti\u011fi \u00fcr\u00fcnlerden biridir.<\/p><\/div><\/div>\t\t<\/div>\n\t\t\t\t<\/div>\n\t\t\t\t\t<\/div>\n\t\t<\/div>\n\t\t\t\t<div class=\"elementor-column elementor-col-50 elementor-top-column elementor-element elementor-element-b32f8b3\" data-id=\"b32f8b3\" data-element_type=\"column\">\n\t\t\t<div class=\"elementor-widget-wrap elementor-element-populated\">\n\t\t\t\t\t\t<div class=\"elementor-element elementor-element-864094b animated-slow elementor-position-top elementor-invisible elementor-widget elementor-widget-image-box\" data-id=\"864094b\" data-element_type=\"widget\" data-settings=\"{&quot;_animation&quot;:&quot;fadeIn&quot;,&quot;_animation_delay&quot;:1500}\" data-widget_type=\"image-box.default\">\n\t\t\t\t<div class=\"elementor-widget-container\">\n\t\t\t<div class=\"elementor-image-box-wrapper\"><figure class=\"elementor-image-box-img\"><a href=\"https:\/\/www.medicofoam.com\/en\/foam-production\/\" tabindex=\"-1\"><img loading=\"lazy\" decoding=\"async\" width=\"1000\" height=\"750\" src=\"https:\/\/www.medicofoam.com\/wp-content\/uploads\/2022\/10\/\u0645\u0648\u0627\u062f-\u0627\u0648\u0644\u06cc\u0647.jpg\" class=\"elementor-animation-shrink attachment-full size-full wp-image-665\" alt=\"\" srcset=\"https:\/\/www.medicofoam.com\/wp-content\/uploads\/2022\/10\/\u0645\u0648\u0627\u062f-\u0627\u0648\u0644\u06cc\u0647.jpg 1000w, https:\/\/www.medicofoam.com\/wp-content\/uploads\/2022\/10\/\u0645\u0648\u0627\u062f-\u0627\u0648\u0644\u06cc\u0647-300x225.jpg 300w, https:\/\/www.medicofoam.com\/wp-content\/uploads\/2022\/10\/\u0645\u0648\u0627\u062f-\u0627\u0648\u0644\u06cc\u0647-768x576.jpg 768w\" sizes=\"(max-width: 1000px) 100vw, 1000px\" \/><\/a><\/figure><div class=\"elementor-image-box-content\"><h3 class=\"elementor-image-box-title\"><a href=\"https:\/\/www.medicofoam.com\/en\/foam-production\/\">Raw Materials<\/a><\/h3><p class=\"elementor-image-box-description\">Medico company has been operating in the field of polyurethane foams for more than a decade, which is used in various industries such as furniture, bedding, automobiles, etc.<\/p><\/div><\/div>\t\t<\/div>\n\t\t\t\t<\/div>\n\t\t\t\t\t<\/div>\n\t\t<\/div>\n\t\t\t\t\t<\/div>\n\t\t<\/section>\n\t\t\t\t<\/div>\n\t\t","protected":false},"excerpt":{"rendered":"<p>Medico Foam Company Introduction Medico Foam is a Canadian-based company that manufactures memory foam (using Turkish and Spanish raw materials) and sleep products. The company specializes in the production and distribution of high-quality memory foam and related sleep products. Read More&#8230; Medico Sleeping Products\u200b Medico company has been operating in the field of polyurethane foams [&hellip;]<\/p>\n","protected":false},"author":2,"featured_media":0,"parent":0,"menu_order":0,"comment_status":"closed","ping_status":"closed","template":"","meta":{"footnotes":""},"class_list":["post-392","page","type-page","status-publish","hentry"],"_links":{"self":[{"href":"https:\/\/www.medicofoam.com\/en\/wp-json\/wp\/v2\/pages\/392","targetHints":{"allow":["GET"]}}],"collection":[{"href":"https:\/\/www.medicofoam.com\/en\/wp-json\/wp\/v2\/pages"}],"about":[{"href":"https:\/\/www.medicofoam.com\/en\/wp-json\/wp\/v2\/types\/page"}],"author":[{"embeddable":true,"href":"https:\/\/www.medicofoam.com\/en\/wp-json\/wp\/v2\/users\/2"}],"replies":[{"embeddable":true,"href":"https:\/\/www.medicofoam.com\/en\/wp-json\/wp\/v2\/comments?post=392"}],"version-history":[{"count":17,"href":"https:\/\/www.medicofoam.com\/en\/wp-json\/wp\/v2\/pages\/392\/revisions"}],"predecessor-version":[{"id":1333,"href":"https:\/\/www.medicofoam.com\/en\/wp-json\/wp\/v2\/pages\/392\/revisions\/1333"}],"wp:attachment":[{"href":"https:\/\/www.medicofoam.com\/en\/wp-json\/wp\/v2\/media?parent=392"}],"curies":[{"name":"wp","href":"https:\/\/api.w.org\/{rel}","templated":true}]}}